{"id":613,"date":"2018-01-09T19:07:47","date_gmt":"2018-01-09T19:07:47","guid":{"rendered":"http:\/\/enigmaeditores.com.ar\/web\/?page_id=613"},"modified":"2019-12-17T16:38:17","modified_gmt":"2019-12-17T16:38:17","slug":"fotos","status":"publish","type":"page","link":"https:\/\/enigmaeditores.com.ar\/web\/fotos\/","title":{"rendered":"Fotos de Enigma"},"content":{"rendered":"<h2>GALER\u00cdAS DE LAS PRESENTACIONES DE NUESTROS LIBROS<\/h2>\n\n\n<p><a href=\"http:\/\/enigmaeditores.com.ar\/web\/fotos-de-presentaciones-y-jornadas-marzo-abril-2017\/\">Presentaciones\ny Jornadas de Marzo \u2013 Abril 2017<\/a><\/p>\n\n\n\n<p>&nbsp;<a href=\"http:\/\/enigmaeditores.com.ar\/web\/presentacion-la-razon-tecnica-y-el-vacio-de-la-realidad-grupo-a-l-e-g-r-i-a\/\">La\nraz\u00f3n t\u00e9cnica y el vac\u00edo de la realidad. Grupo A.L.E.G.R.I.A.<\/a><\/p>\n\n\n\n<p><a href=\"http:\/\/enigmaeditores.com.ar\/web\/presentacion-literatura-y-version-ii-y-cultura-y-version-ii\/\">\u201cCultura\ny Versi\u00f3n II\u201d ensayos de investigaci\u00f3n y \u201cLiteratura y Versi\u00f3n II\u201d ensayos de\ninvestigaci\u00f3n.<\/a><\/p>\n\n\n\n<p><a href=\"http:\/\/enigmaeditores.com.ar\/web\/presentacion-del-libro-aparece-otra-voz\/\">Presentaci\u00f3n\ndel libro \u201cAparece otra voz\u201d.<\/a><\/p>\n\n\n\n<p><a href=\"http:\/\/enigmaeditores.com.ar\/web\/presentacion-del-libro-a-la-hora-de-la-siesta-magia-y-rebeldia\/\">Presentaci\u00f3n\ndel libro \u201cA la hora de la siesta\u201d \u2013 Magia y Rebeld\u00eda.<\/a><\/p>\n\n\n\n<p><a href=\"http:\/\/enigmaeditores.com.ar\/web\/presentacion-del-libro-fin-de-mundo-aca-en-el-sur\/\">Presentaci\u00f3n\ndel libro \u201cFin de Mundo\u201d y \u201cAc\u00e1 en el Sur\u201d.<\/a><\/p>\n\n\n\n<p><a href=\"http:\/\/enigmaeditores.com.ar\/web\/maravillas-de-nuestro-pais-un-arte-contado-y-miroirs\/\">Reuni\u00f3n\nde Voces Po\u00e9tica Reuni\u00f3n de Voces Narradoras y Miroirs, Roman urbain.<\/a><\/p>\n\n\n\n<p><a href=\"http:\/\/enigmaeditores.com.ar\/web\/muestras-de-francoise-laly-en-casa-de-la-lectura-julio-cortazar\/\">Muestras\nde Fran\u00e7oise Laly en Casa de la Lectura Julio Cortazar.<\/a><\/p>\n\n\n\n<p><a href=\"http:\/\/enigmaeditores.com.ar\/web\/francoise-laly\/\">Francoise\nLaly.<\/a><\/p>\n\n\n\n<p><a href=\"http:\/\/enigmaeditores.com.ar\/web\/feria-del-libro-2012-stand-sade-y-provincias\/\">Feria\ndel Libro 2012 Stand SADE y Provincias.<\/a><\/p>\n\n\n\n<p><a href=\"http:\/\/enigmaeditores.com.ar\/web\/presentacion-del-libro-puente-de-voces\/\">Presentaci\u00f3n\ndel libro \u201cPuente de Voces\u201d.<\/a><\/p>\n\n\n\n<p><a href=\"http:\/\/enigmaeditores.com.ar\/web\/presentacion-de-la-luz-de-los-vencidos\/\">Presentaci\u00f3n\nde \u201cLa luz de los vencidos\u201d.<\/a><\/p>\n\n\n\n<p><a href=\"http:\/\/enigmaeditores.com.ar\/web\/presentacion-de-cuando-llegue-el-momento-poemas-con-perfume-frances-fin-de-mundo-aca-en-el-sur-pacto-con-mi-vida\/\">Presentaci\u00f3n\nde \u201cCuando llegue el momento\u201d, \u201cPoemas con perfume franc\u00e9s\u201d, \u201d Fin de mundo\u201d\n\u201cAc\u00e1 en el Sur\u201d, \u201cPacto con mi vida\u201d.<\/a><\/p>\n\n\n\n<p><a href=\"http:\/\/enigmaeditores.com.ar\/web\/presentacion-de-osvaldo-rossi-solidez-poetica-en-la-modernidad-liquida-acuarelas-pachu-puede-el-amor-cambiar-lo-incambiable\/\">Presentaci\u00f3n\nde \u201cOsvaldo Rossi. Solidez po\u00e9tica en la modernidad l\u00edquida.\u201d, \u201cAcuarelas\u201d,\n\u201cPACHU \u00bfPuede el amor cambiar lo incambiable?\u201d.<\/a><\/p>\n\n\n\n<p><a href=\"http:\/\/enigmaeditores.com.ar\/web\/presentacion-de-un-impasse-de-carla-dimasi\/\">Presentaci\u00f3n\nde \u201cUn impasse\u201d.<\/a><\/p>\n\n\n\n<p><a href=\"http:\/\/enigmaeditores.com.ar\/web\/presentacion-de-una-pelicula-prohibida\/\">Presentaci\u00f3n\nde \u201cUna pel\u00edcula prohibida\u201d.<\/a><\/p>\n\n\n\n<p><a href=\"http:\/\/enigmaeditores.com.ar\/web\/presentacion-del-libro-nisiquiera-esa-lluvia\/\">Presentaci\u00f3n\ndel libro \u201cNisiquiera esa lluvia\u201d.<\/a><\/p>\n\n\n\n<p><a href=\"http:\/\/enigmaeditores.com.ar\/web\/presentacion-de-la-novela-podria-ser-peor\/\">Presentaci\u00f3n\nde la novela \u201cPodr\u00eda ser peor\u201d.<\/a><\/p>\n\n\n\n<p><a href=\"http:\/\/enigmaeditores.com.ar\/web\/presentacion-del-libro-por-la-vida-a-contramano-de-graciela-licciardi\/\">Presentaci\u00f3n\ndel libro \u201cPor la vida a contramano\u201d.<\/a><\/p>\n\n\n\n<p><a href=\"http:\/\/enigmaeditores.com.ar\/web\/presentacion-de-las-estaciones-del-joven-amor-de-nabor-alvaro-cordoba\/\">Presentaci\u00f3n\nde \u201cLas estaciones del joven amor\u201d.<\/a><\/p>\n\n\n\n<p><a href=\"http:\/\/enigmaeditores.com.ar\/web\/presentacion-del-libro-tu-fidelidad-de-carla-abatte-ramirez\/\">Presentaci\u00f3n\ndel libro \u201cTu fidelidad\u201d.<\/a><\/p>\n\n\n\n<p><a href=\"http:\/\/enigmaeditores.com.ar\/web\/fotos-interesantes-sobre-pompeya-ciudad-de-refugio\/\">Fotos\ninteresantes sobre \u201cPompeya\u201d.<\/a><\/p>\n\n\n\n<p><a href=\"http:\/\/enigmaeditores.com.ar\/web\/presentacion-del-libro-sensaciones-en-papel\/\">Presentaci\u00f3n\ndel libro \u201cSensaciones en papel\u201d.<\/a><\/p>\n\n\n\n<p><a href=\"http:\/\/enigmaeditores.com.ar\/web\/presentacion-en-biblioteca-nacional\/\">Presentaci\u00f3n\nen Biblioteca Nacional.<\/a><\/p>\n\n\n\n<p><a href=\"http:\/\/enigmaeditores.com.ar\/web\/presentacion-del-libro-las-casitas-de-adriana-fin\/\">Presentaci\u00f3n\ndel libro \u201cLAS CASITAS\u201d de Adriana Fin.<\/a><\/p>\n\n\n\n<p><a href=\"http:\/\/enigmaeditores.com.ar\/web\/presentacion-de-la-antologia-sentido-y-paz-upf-arg-y-enigma-editores\/\">Presentaci\u00f3n\nde la Antolog\u00eda \u201cSentido y Paz\u201d UPF Arg. y Enigma Editores.<\/a><\/p>\n\n\n\n<p><a href=\"http:\/\/enigmaeditores.com.ar\/web\/presentacion-de-sentir-arder-vibrar\/\">\u00a1SENTIR,\nARDER, VIBRAR!<\/a><\/p>\n\n\n\n<p><a href=\"http:\/\/enigmaeditores.com.ar\/web\/presentacion-de-hombre-de-tierra-mujer-de-mar\/\">Hombre\nde tierra Mujer de mar.<\/a><\/p>\n\n\n\n<p><a href=\"http:\/\/enigmaeditores.com.ar\/web\/presentacion-de-cuadernos-de-quele-autora-cristina-pizarro\/\">Presentacion:\ncuadenos de Quele.<\/a><\/p>\n\n\n\n<p><a href=\"http:\/\/enigmaeditores.com.ar\/web\/faja-de-honor-s-a-d-e-2013-en-la-biblioteca-nacional\/\">Faja\nde Honor S.A.D.E. 2013.<\/a><\/p>\n\n\n\n<p><a href=\"http:\/\/enigmaeditores.com.ar\/web\/1945-secretas-vibraciones-del-pasado\/\">1945\nSECRETAS VIBRACIONES DEL PASADO\u201d.<\/a><\/p>\n","protected":false},"excerpt":{"rendered":"<p>GALER\u00cdAS DE LAS PRESENTACIONES DE NUESTROS LIBROS Presentaciones y Jornadas de Marzo \u2013 Abril 2017 &nbsp;La raz\u00f3n t\u00e9cnica y el vac\u00edo de la realidad. Grupo A.L.E.G.R.I.A. \u201cCultura y Versi\u00f3n II\u201d ensayos de investigaci\u00f3n y \u201cLiteratura y Versi\u00f3n II\u201d ensayos de investigaci\u00f3n. Presentaci\u00f3n del libro \u201cAparece otra voz\u201d. Presentaci\u00f3n del libro \u201cA la hora de la &hellip; <\/p>\n<p class=\"link-more\"><a href=\"https:\/\/enigmaeditores.com.ar\/web\/fotos\/\" class=\"more-link\">Continuar leyendo<span class=\"screen-reader-text\"> \u00abFotos de Enigma\u00bb<\/span><\/a><\/p>\n<div class='heateor_sss_sharing_container heateor_sss_vertical_sharing heateor_sss_bottom_sharing' style='width:44px;left: -10px;top: 100px;-webkit-box-shadow:none;box-shadow:none;' data-heateor-sss-href='https:\/\/enigmaeditores.com.ar\/web\/wp-json\/wp\/v2\/pages\/613'><div class=\"heateor_sss_sharing_ul\"><a aria-label=\"Facebook\" class=\"heateor_sss_facebook\" href=\"https:\/\/www.facebook.com\/sharer\/sharer.php?u=https%3A%2F%2Fenigmaeditores.com.ar%2Fweb%2Fwp-json%2Fwp%2Fv2%2Fpages%2F613\" title=\"Facebook\" rel=\"nofollow noopener\" target=\"_blank\" style=\"font-size:32px!important;box-shadow:none;display:inline-block;vertical-align:middle\"><span class=\"heateor_sss_svg\" style=\"background-color:#0765FE;width:40px;height:40px;border-radius:1px;margin:0;display:inline-block;opacity:1;float:left;font-size:32px;box-shadow:none;display:inline-block;font-size:16px;padding:0 4px;vertical-align:middle;background-repeat:repeat;overflow:hidden;padding:0;cursor:pointer;box-sizing:content-box\"><svg style=\"display:block;\" focusable=\"false\" aria-hidden=\"true\" xmlns=\"http:\/\/www.w3.org\/2000\/svg\" width=\"100%\" height=\"100%\" viewBox=\"0 0 32 32\"><path fill=\"#fff\" d=\"M28 16c0-6.627-5.373-12-12-12S4 9.373 4 16c0 5.628 3.875 10.35 9.101 11.647v-7.98h-2.474V16H13.1v-1.58c0-4.085 1.849-5.978 5.859-5.978.76 0 2.072.15 2.608.298v3.325c-.283-.03-.775-.045-1.386-.045-1.967 0-2.728.745-2.728 2.683V16h3.92l-.673 3.667h-3.247v8.245C23.395 27.195 28 22.135 28 16Z\"><\/path><\/svg><\/span><\/a><a aria-label=\"Twitter\" class=\"heateor_sss_button_twitter\" href=\"https:\/\/twitter.com\/intent\/tweet?text=Enigma%20Editores%20-%20La%20oportunidad%20de%20publicar%20su%20libro%20impreso&url=https%3A%2F%2Fenigmaeditores.com.ar%2Fweb%2Fwp-json%2Fwp%2Fv2%2Fpages%2F613\" title=\"Twitter\" rel=\"nofollow noopener\" target=\"_blank\" style=\"font-size:32px!important;box-shadow:none;display:inline-block;vertical-align:middle\"><span class=\"heateor_sss_svg heateor_sss_s__default heateor_sss_s_twitter\" style=\"background-color:#55acee;width:40px;height:40px;border-radius:1px;margin:0;display:inline-block;opacity:1;float:left;font-size:32px;box-shadow:none;display:inline-block;font-size:16px;padding:0 4px;vertical-align:middle;background-repeat:repeat;overflow:hidden;padding:0;cursor:pointer;box-sizing:content-box\"><svg style=\"display:block;\" focusable=\"false\" aria-hidden=\"true\" xmlns=\"http:\/\/www.w3.org\/2000\/svg\" width=\"100%\" height=\"100%\" viewBox=\"-4 -4 39 39\"><path d=\"M28 8.557a9.913 9.913 0 0 1-2.828.775 4.93 4.93 0 0 0 2.166-2.725 9.738 9.738 0 0 1-3.13 1.194 4.92 4.92 0 0 0-3.593-1.55 4.924 4.924 0 0 0-4.794 6.049c-4.09-.21-7.72-2.17-10.15-5.15a4.942 4.942 0 0 0-.665 2.477c0 1.71.87 3.214 2.19 4.1a4.968 4.968 0 0 1-2.23-.616v.06c0 2.39 1.7 4.38 3.952 4.83-.414.115-.85.174-1.297.174-.318 0-.626-.03-.928-.086a4.935 4.935 0 0 0 4.6 3.42 9.893 9.893 0 0 1-6.114 2.107c-.398 0-.79-.023-1.175-.068a13.953 13.953 0 0 0 7.55 2.213c9.056 0 14.01-7.507 14.01-14.013 0-.213-.005-.426-.015-.637.96-.695 1.795-1.56 2.455-2.55z\" fill=\"#fff\"><\/path><\/svg><\/span><\/a><a aria-label=\"Linkedin\" class=\"heateor_sss_button_linkedin\" href=\"https:\/\/www.linkedin.com\/sharing\/share-offsite\/?url=https%3A%2F%2Fenigmaeditores.com.ar%2Fweb%2Fwp-json%2Fwp%2Fv2%2Fpages%2F613\" title=\"Linkedin\" rel=\"nofollow noopener\" target=\"_blank\" style=\"font-size:32px!important;box-shadow:none;display:inline-block;vertical-align:middle\"><span class=\"heateor_sss_svg heateor_sss_s__default heateor_sss_s_linkedin\" style=\"background-color:#0077b5;width:40px;height:40px;border-radius:1px;margin:0;display:inline-block;opacity:1;float:left;font-size:32px;box-shadow:none;display:inline-block;font-size:16px;padding:0 4px;vertical-align:middle;background-repeat:repeat;overflow:hidden;padding:0;cursor:pointer;box-sizing:content-box\"><svg style=\"display:block;\" focusable=\"false\" aria-hidden=\"true\" xmlns=\"http:\/\/www.w3.org\/2000\/svg\" width=\"100%\" height=\"100%\" viewBox=\"0 0 32 32\"><path d=\"M6.227 12.61h4.19v13.48h-4.19V12.61zm2.095-6.7a2.43 2.43 0 0 1 0 4.86c-1.344 0-2.428-1.09-2.428-2.43s1.084-2.43 2.428-2.43m4.72 6.7h4.02v1.84h.058c.56-1.058 1.927-2.176 3.965-2.176 4.238 0 5.02 2.792 5.02 6.42v7.395h-4.183v-6.56c0-1.564-.03-3.574-2.178-3.574-2.18 0-2.514 1.7-2.514 3.46v6.668h-4.187V12.61z\" fill=\"#fff\"><\/path><\/svg><\/span><\/a><a aria-label=\"Pinterest\" class=\"heateor_sss_button_pinterest\" href=\"https:\/\/enigmaeditores.com.ar\/web\/wp-json\/wp\/v2\/pages\/613\" onclick=\"event.preventDefault();javascript:void( (function() {var e=document.createElement('script' );e.setAttribute('type','text\/javascript' );e.setAttribute('charset','UTF-8' );e.setAttribute('src','\/\/assets.pinterest.com\/js\/pinmarklet.js?r='+Math.random()*99999999);document.body.appendChild(e)})());\" title=\"Pinterest\" rel=\"noopener\" style=\"font-size:32px!important;box-shadow:none;display:inline-block;vertical-align:middle\"><span class=\"heateor_sss_svg heateor_sss_s__default heateor_sss_s_pinterest\" style=\"background-color:#cc2329;width:40px;height:40px;border-radius:1px;margin:0;display:inline-block;opacity:1;float:left;font-size:32px;box-shadow:none;display:inline-block;font-size:16px;padding:0 4px;vertical-align:middle;background-repeat:repeat;overflow:hidden;padding:0;cursor:pointer;box-sizing:content-box\"><svg style=\"display:block;\" focusable=\"false\" aria-hidden=\"true\" xmlns=\"http:\/\/www.w3.org\/2000\/svg\" width=\"100%\" height=\"100%\" viewBox=\"-2 -2 35 35\"><path fill=\"#fff\" d=\"M16.539 4.5c-6.277 0-9.442 4.5-9.442 8.253 0 2.272.86 4.293 2.705 5.046.303.125.574.005.662-.33.061-.231.205-.816.27-1.06.088-.331.053-.447-.191-.736-.532-.627-.873-1.439-.873-2.591 0-3.338 2.498-6.327 6.505-6.327 3.548 0 5.497 2.168 5.497 5.062 0 3.81-1.686 7.025-4.188 7.025-1.382 0-2.416-1.142-2.085-2.545.397-1.674 1.166-3.48 1.166-4.689 0-1.081-.581-1.983-1.782-1.983-1.413 0-2.548 1.462-2.548 3.419 0 1.247.421 2.091.421 2.091l-1.699 7.199c-.505 2.137-.076 4.755-.039 5.019.021.158.223.196.314.077.13-.17 1.813-2.247 2.384-4.324.162-.587.929-3.631.929-3.631.46.876 1.801 1.646 3.227 1.646 4.247 0 7.128-3.871 7.128-9.053.003-3.918-3.317-7.568-8.361-7.568z\"\/><\/svg><\/span><\/a><a aria-label=\"Reddit\" class=\"heateor_sss_button_reddit\" href=\"https:\/\/reddit.com\/submit?url=https%3A%2F%2Fenigmaeditores.com.ar%2Fweb%2Fwp-json%2Fwp%2Fv2%2Fpages%2F613&title=Enigma%20Editores%20-%20La%20oportunidad%20de%20publicar%20su%20libro%20impreso\" title=\"Reddit\" rel=\"nofollow noopener\" target=\"_blank\" style=\"font-size:32px!important;box-shadow:none;display:inline-block;vertical-align:middle\"><span class=\"heateor_sss_svg heateor_sss_s__default heateor_sss_s_reddit\" style=\"background-color:#ff5700;width:40px;height:40px;border-radius:1px;margin:0;display:inline-block;opacity:1;float:left;font-size:32px;box-shadow:none;display:inline-block;font-size:16px;padding:0 4px;vertical-align:middle;background-repeat:repeat;overflow:hidden;padding:0;cursor:pointer;box-sizing:content-box\"><svg style=\"display:block;\" focusable=\"false\" aria-hidden=\"true\" xmlns=\"http:\/\/www.w3.org\/2000\/svg\" width=\"100%\" height=\"100%\" viewBox=\"-3.5 -3.5 39 39\"><path d=\"M28.543 15.774a2.953 2.953 0 0 0-2.951-2.949 2.882 2.882 0 0 0-1.9.713 14.075 14.075 0 0 0-6.85-2.044l1.38-4.349 3.768.884a2.452 2.452 0 1 0 .24-1.176l-4.274-1a.6.6 0 0 0-.709.4l-1.659 5.224a14.314 14.314 0 0 0-7.316 2.029 2.908 2.908 0 0 0-1.872-.681 2.942 2.942 0 0 0-1.618 5.4 5.109 5.109 0 0 0-.062.765c0 4.158 5.037 7.541 11.229 7.541s11.22-3.383 11.22-7.541a5.2 5.2 0 0 0-.053-.706 2.963 2.963 0 0 0 1.427-2.51zm-18.008 1.88a1.753 1.753 0 0 1 1.73-1.74 1.73 1.73 0 0 1 1.709 1.74 1.709 1.709 0 0 1-1.709 1.711 1.733 1.733 0 0 1-1.73-1.711zm9.565 4.968a5.573 5.573 0 0 1-4.081 1.272h-.032a5.576 5.576 0 0 1-4.087-1.272.6.6 0 0 1 .844-.854 4.5 4.5 0 0 0 3.238.927h.032a4.5 4.5 0 0 0 3.237-.927.6.6 0 1 1 .844.854zm-.331-3.256a1.726 1.726 0 1 1 1.709-1.712 1.717 1.717 0 0 1-1.712 1.712z\" fill=\"#fff\"\/><\/svg><\/span><\/a><a aria-label=\"Mix\" class=\"heateor_sss_button_mix\" href=\"https:\/\/mix.com\/mixit?url=https%3A%2F%2Fenigmaeditores.com.ar%2Fweb%2Fwp-json%2Fwp%2Fv2%2Fpages%2F613\" title=\"Mix\" rel=\"nofollow noopener\" target=\"_blank\" style=\"font-size:32px!important;box-shadow:none;display:inline-block;vertical-align:middle\"><span class=\"heateor_sss_svg heateor_sss_s__default heateor_sss_s_mix\" style=\"background-color:#ff8226;width:40px;height:40px;border-radius:1px;margin:0;display:inline-block;opacity:1;float:left;font-size:32px;box-shadow:none;display:inline-block;font-size:16px;padding:0 4px;vertical-align:middle;background-repeat:repeat;overflow:hidden;padding:0;cursor:pointer;box-sizing:content-box\"><svg focusable=\"false\" aria-hidden=\"true\" xmlns=\"http:\/\/www.w3.org\/2000\/svg\" width=\"100%\" height=\"100%\" viewBox=\"-7 -8 45 45\"><g fill=\"#fff\"><path opacity=\".8\" d=\"M27.87 4.125c-5.224 0-9.467 4.159-9.467 9.291v2.89c0-1.306 1.074-2.362 2.399-2.362s2.399 1.056 2.399 2.362v1.204c0 1.306 1.074 2.362 2.399 2.362s2.399-1.056 2.399-2.362V4.134c-.036-.009-.082-.009-.129-.009\"\/><path d=\"M4 4.125v12.94c2.566 0 4.668-1.973 4.807-4.465v-2.214c0-.065 0-.12.009-.176.093-1.213 1.13-2.177 2.39-2.177 1.325 0 2.399 1.056 2.399 2.362v9.226c0 1.306 1.074 2.353 2.399 2.353s2.399-1.056 2.399-2.353v-6.206c0-5.132 4.233-9.291 9.467-9.291H4z\"\/><path opacity=\".8\" d=\"M4 17.074v8.438c0 1.306 1.074 2.362 2.399 2.362s2.399-1.056 2.399-2.362V12.61C8.659 15.102 6.566 17.074 4 17.074\"\/><\/g><\/svg><\/span><\/a><a aria-label=\"Whatsapp\" class=\"heateor_sss_whatsapp\" href=\"https:\/\/api.whatsapp.com\/send?text=Enigma%20Editores%20-%20La%20oportunidad%20de%20publicar%20su%20libro%20impreso%20https%3A%2F%2Fenigmaeditores.com.ar%2Fweb%2Fwp-json%2Fwp%2Fv2%2Fpages%2F613\" title=\"Whatsapp\" rel=\"nofollow noopener\" target=\"_blank\" style=\"font-size:32px!important;box-shadow:none;display:inline-block;vertical-align:middle\"><span class=\"heateor_sss_svg\" style=\"background-color:#55eb4c;width:40px;height:40px;border-radius:1px;margin:0;display:inline-block;opacity:1;float:left;font-size:32px;box-shadow:none;display:inline-block;font-size:16px;padding:0 4px;vertical-align:middle;background-repeat:repeat;overflow:hidden;padding:0;cursor:pointer;box-sizing:content-box\"><svg style=\"display:block;\" focusable=\"false\" aria-hidden=\"true\" xmlns=\"http:\/\/www.w3.org\/2000\/svg\" width=\"100%\" height=\"100%\" viewBox=\"-6 -5 40 40\"><path class=\"heateor_sss_svg_stroke heateor_sss_no_fill\" stroke=\"#fff\" stroke-width=\"2\" fill=\"none\" d=\"M 11.579798566743314 24.396926207859085 A 10 10 0 1 0 6.808479557110079 20.73576436351046\"><\/path><path d=\"M 7 19 l -1 6 l 6 -1\" class=\"heateor_sss_no_fill heateor_sss_svg_stroke\" stroke=\"#fff\" stroke-width=\"2\" fill=\"none\"><\/path><path d=\"M 10 10 q -1 8 8 11 c 5 -1 0 -6 -1 -3 q -4 -3 -5 -5 c 4 -2 -1 -5 -1 -4\" fill=\"#fff\"><\/path><\/svg><\/span><\/a><a class=\"heateor_sss_more\" aria-label=\"More\" title=\"More\" rel=\"nofollow noopener\" style=\"font-size: 32px!important;border:0;box-shadow:none;display:inline-block!important;font-size:16px;padding:0 4px;vertical-align: middle;display:inline;\" href=\"https:\/\/enigmaeditores.com.ar\/web\/wp-json\/wp\/v2\/pages\/613\" onclick=\"event.preventDefault()\"><span class=\"heateor_sss_svg\" style=\"background-color:#ee8e2d;width:40px;height:40px;border-radius:1px;margin:0;display:inline-block!important;opacity:1;float:left;font-size:32px!important;box-shadow:none;display:inline-block;font-size:16px;padding:0 4px;vertical-align:middle;display:inline;background-repeat:repeat;overflow:hidden;padding:0;cursor:pointer;box-sizing:content-box;\" onclick=\"heateorSssMoreSharingPopup(this, 'https:\/\/enigmaeditores.com.ar\/web\/wp-json\/wp\/v2\/pages\/613', 'Enigma%20Editores%20-%20La%20oportunidad%20de%20publicar%20su%20libro%20impreso', '' )\"><svg xmlns=\"http:\/\/www.w3.org\/2000\/svg\" xmlns:xlink=\"http:\/\/www.w3.org\/1999\/xlink\" viewBox=\"-.3 0 32 32\" version=\"1.1\" width=\"100%\" height=\"100%\" style=\"display:block;\" xml:space=\"preserve\"><g><path fill=\"#fff\" d=\"M18 14V8h-4v6H8v4h6v6h4v-6h6v-4h-6z\" fill-rule=\"evenodd\"><\/path><\/g><\/svg><\/span><\/a><\/div><div class=\"heateorSssClear\"><\/div><\/div>","protected":false},"author":1,"featured_media":261,"parent":0,"menu_order":0,"comment_status":"closed","ping_status":"closed","template":"","meta":{"footnotes":""},"class_list":["post-613","page","type-page","status-publish","has-post-thumbnail","hentry"],"aioseo_notices":[],"_links":{"self":[{"href":"https:\/\/enigmaeditores.com.ar\/web\/wp-json\/wp\/v2\/pages\/613","targetHints":{"allow":["GET"]}}],"collection":[{"href":"https:\/\/enigmaeditores.com.ar\/web\/wp-json\/wp\/v2\/pages"}],"about":[{"href":"https:\/\/enigmaeditores.com.ar\/web\/wp-json\/wp\/v2\/types\/page"}],"author":[{"embeddable":true,"href":"https:\/\/enigmaeditores.com.ar\/web\/wp-json\/wp\/v2\/users\/1"}],"replies":[{"embeddable":true,"href":"https:\/\/enigmaeditores.com.ar\/web\/wp-json\/wp\/v2\/comments?post=613"}],"version-history":[{"count":12,"href":"https:\/\/enigmaeditores.com.ar\/web\/wp-json\/wp\/v2\/pages\/613\/revisions"}],"predecessor-version":[{"id":992,"href":"https:\/\/enigmaeditores.com.ar\/web\/wp-json\/wp\/v2\/pages\/613\/revisions\/992"}],"wp:featuredmedia":[{"embeddable":true,"href":"https:\/\/enigmaeditores.com.ar\/web\/wp-json\/wp\/v2\/media\/261"}],"wp:attachment":[{"href":"https:\/\/enigmaeditores.com.ar\/web\/wp-json\/wp\/v2\/media?parent=613"}],"curies":[{"name":"wp","href":"https:\/\/api.w.org\/{rel}","templated":true}]}}